{"id":667,"date":"2016-03-29T16:42:23","date_gmt":"2016-03-29T14:42:23","guid":{"rendered":"http:\/\/seka.gmbh\/en\/?page_id=667"},"modified":"2022-11-24T21:52:06","modified_gmt":"2022-11-24T20:52:06","slug":"traktorkabinen-en15695","status":"publish","type":"page","link":"https:\/\/seka.gmbh\/en\/products\/traktorkabinen-en15695\/","title":{"rendered":"overpressure cabins for tractors"},"content":{"rendered":"","protected":false},"excerpt":{"rendered":"","protected":false},"author":1,"featured_media":0,"parent":608,"menu_order":4,"comment_status":"closed","ping_status":"closed","template":"","meta":[],"yoast_head":"<!-- This site is optimized with the Yoast SEO plugin v16.3 - https:\/\/yoast.com\/wordpress\/plugins\/seo\/ -->\n<title>overpressure cabins for tractors - SEKA<\/title>\n<meta name=\"description\" content=\"Ein Traktor mit \u00dcberdruckkabine und Schutzbel\u00fcftungsanlage sch\u00fctzt den Fahrer vor gesundheitlichen Belastungen. Wir von SEKA k\u00f6nnen jeden Traktor so ausr\u00fcsten, dass er den gesetzlichen Bestimmungen entspricht.\" \/>\n<meta name=\"robots\" content=\"index, follow, max-snippet:-1, max-image-preview:large, max-video-preview:-1\" \/>\n<link rel=\"canonical\" href=\"https:\/\/seka.gmbh\/en\/products\/traktorkabinen-en15695\/\" \/>\n<meta property=\"og:locale\" content=\"en_US\" \/>\n<meta property=\"og:type\" content=\"article\" \/>\n<meta property=\"og:title\" content=\"overpressure cabins for tractors - SEKA\" \/>\n<meta property=\"og:description\" content=\"Ein Traktor mit \u00dcberdruckkabine und Schutzbel\u00fcftungsanlage sch\u00fctzt den Fahrer vor gesundheitlichen Belastungen. Wir von SEKA k\u00f6nnen jeden Traktor so ausr\u00fcsten, dass er den gesetzlichen Bestimmungen entspricht.\" \/>\n<meta property=\"og:url\" content=\"https:\/\/seka.gmbh\/en\/products\/traktorkabinen-en15695\/\" \/>\n<meta property=\"og:site_name\" content=\"SEKA\" \/>\n<meta property=\"article:modified_time\" content=\"2022-11-24T20:52:06+00:00\" \/>\n<meta name=\"twitter:card\" content=\"summary\" \/>\n<script type=\"application\/ld+json\" class=\"yoast-schema-graph\">{\"@context\":\"https:\/\/schema.org\",\"@graph\":[{\"@type\":\"WebSite\",\"@id\":\"https:\/\/seka.gmbh\/en\/#website\",\"url\":\"https:\/\/seka.gmbh\/en\/\",\"name\":\"SEKA\",\"description\":\"Schutzbel\\u00fcftung\",\"potentialAction\":[{\"@type\":\"SearchAction\",\"target\":\"https:\/\/seka.gmbh\/en\/?s={search_term_string}\",\"query-input\":\"required name=search_term_string\"}],\"inLanguage\":\"en-US\"},{\"@type\":\"WebPage\",\"@id\":\"https:\/\/seka.gmbh\/en\/products\/traktorkabinen-en15695\/#webpage\",\"url\":\"https:\/\/seka.gmbh\/en\/products\/traktorkabinen-en15695\/\",\"name\":\"overpressure cabins for tractors - SEKA\",\"isPartOf\":{\"@id\":\"https:\/\/seka.gmbh\/en\/#website\"},\"datePublished\":\"2016-03-29T14:42:23+00:00\",\"dateModified\":\"2022-11-24T20:52:06+00:00\",\"description\":\"Ein Traktor mit \\u00dcberdruckkabine und Schutzbel\\u00fcftungsanlage sch\\u00fctzt den Fahrer vor gesundheitlichen Belastungen. Wir von SEKA k\\u00f6nnen jeden Traktor so ausr\\u00fcsten, dass er den gesetzlichen Bestimmungen entspricht.\",\"breadcrumb\":{\"@id\":\"https:\/\/seka.gmbh\/en\/products\/traktorkabinen-en15695\/#breadcrumb\"},\"inLanguage\":\"en-US\",\"potentialAction\":[{\"@type\":\"ReadAction\",\"target\":[\"https:\/\/seka.gmbh\/en\/products\/traktorkabinen-en15695\/\"]}]},{\"@type\":\"BreadcrumbList\",\"@id\":\"https:\/\/seka.gmbh\/en\/products\/traktorkabinen-en15695\/#breadcrumb\",\"itemListElement\":[{\"@type\":\"ListItem\",\"position\":1,\"item\":{\"@type\":\"WebPage\",\"@id\":\"https:\/\/seka.gmbh\/en\/\",\"url\":\"https:\/\/seka.gmbh\/en\/\",\"name\":\"Home\"}},{\"@type\":\"ListItem\",\"position\":2,\"item\":{\"@type\":\"WebPage\",\"@id\":\"https:\/\/seka.gmbh\/en\/products\/\",\"url\":\"https:\/\/seka.gmbh\/en\/products\/\",\"name\":\"Products\"}},{\"@type\":\"ListItem\",\"position\":3,\"item\":{\"@id\":\"https:\/\/seka.gmbh\/en\/products\/traktorkabinen-en15695\/#webpage\"}}]}]}<\/script>\n<!-- \/ Yoast SEO plugin. -->","_links":{"self":[{"href":"https:\/\/seka.gmbh\/en\/wp-json\/wp\/v2\/pages\/667"}],"collection":[{"href":"https:\/\/seka.gmbh\/en\/wp-json\/wp\/v2\/pages"}],"about":[{"href":"https:\/\/seka.gmbh\/en\/wp-json\/wp\/v2\/types\/page"}],"author":[{"embeddable":true,"href":"https:\/\/seka.gmbh\/en\/wp-json\/wp\/v2\/users\/1"}],"replies":[{"embeddable":true,"href":"https:\/\/seka.gmbh\/en\/wp-json\/wp\/v2\/comments?post=667"}],"version-history":[{"count":4,"href":"https:\/\/seka.gmbh\/en\/wp-json\/wp\/v2\/pages\/667\/revisions"}],"predecessor-version":[{"id":6828,"href":"https:\/\/seka.gmbh\/en\/wp-json\/wp\/v2\/pages\/667\/revisions\/6828"}],"up":[{"embeddable":true,"href":"https:\/\/seka.gmbh\/en\/wp-json\/wp\/v2\/pages\/608"}],"wp:attachment":[{"href":"https:\/\/seka.gmbh\/en\/wp-json\/wp\/v2\/media?parent=667"}],"curies":[{"name":"wp","href":"https:\/\/api.w.org\/{rel}","templated":true}]}}