{"id":7709,"date":"2016-03-29T16:43:01","date_gmt":"2016-03-29T14:43:01","guid":{"rendered":"https:\/\/seka.gmbh\/ventilation-protectrice\/technologie\/"},"modified":"2024-02-07T13:43:51","modified_gmt":"2024-02-07T12:43:51","slug":"technologie","status":"publish","type":"page","link":"https:\/\/seka.gmbh\/fr\/produits\/ventilation-protectrice\/technologie\/","title":{"rendered":"Technologie"},"content":{"rendered":"","protected":false},"excerpt":{"rendered":"","protected":false},"author":1,"featured_media":0,"parent":7703,"menu_order":1,"comment_status":"closed","ping_status":"closed","template":"","meta":[],"yoast_head":"<!-- This site is optimized with the Yoast SEO plugin v16.3 - https:\/\/yoast.com\/wordpress\/plugins\/seo\/ -->\n<title>Technologie - SEKA<\/title>\n<meta name=\"description\" content=\"Les installations SEKA pour la ventilation protectrice des v\u00e9hicules de chantier sont synonymes d&#039;exp\u00e9rience et de qualit\u00e9 \u00e0 long terme sans compromis.\" \/>\n<meta name=\"robots\" content=\"index, follow, max-snippet:-1, max-image-preview:large, max-video-preview:-1\" \/>\n<link rel=\"canonical\" href=\"https:\/\/seka.gmbh\/fr\/ventilation-protectrice\/technologie\/\" \/>\n<meta property=\"og:locale\" content=\"fr_FR\" \/>\n<meta property=\"og:type\" content=\"article\" \/>\n<meta property=\"og:title\" content=\"Technologie - SEKA\" \/>\n<meta property=\"og:description\" content=\"Les installations SEKA pour la ventilation protectrice des v\u00e9hicules de chantier sont synonymes d&#039;exp\u00e9rience et de qualit\u00e9 \u00e0 long terme sans compromis.\" \/>\n<meta property=\"og:url\" content=\"https:\/\/seka.gmbh\/fr\/ventilation-protectrice\/technologie\/\" \/>\n<meta property=\"og:site_name\" content=\"SEKA\" \/>\n<meta property=\"article:modified_time\" content=\"2024-02-07T12:43:51+00:00\" \/>\n<meta name=\"twitter:card\" content=\"summary\" \/>\n<script type=\"application\/ld+json\" class=\"yoast-schema-graph\">{\"@context\":\"https:\/\/schema.org\",\"@graph\":[{\"@type\":\"WebSite\",\"@id\":\"https:\/\/seka.gmbh\/en\/#website\",\"url\":\"https:\/\/seka.gmbh\/en\/\",\"name\":\"SEKA\",\"description\":\"Schutzbel\\u00fcftung\",\"potentialAction\":[{\"@type\":\"SearchAction\",\"target\":\"https:\/\/seka.gmbh\/en\/?s={search_term_string}\",\"query-input\":\"required name=search_term_string\"}],\"inLanguage\":\"fr-FR\"},{\"@type\":\"WebPage\",\"@id\":\"https:\/\/seka.gmbh\/fr\/ventilation-protectrice\/technologie\/#webpage\",\"url\":\"https:\/\/seka.gmbh\/fr\/ventilation-protectrice\/technologie\/\",\"name\":\"Technologie - SEKA\",\"isPartOf\":{\"@id\":\"https:\/\/seka.gmbh\/en\/#website\"},\"datePublished\":\"2016-03-29T14:43:01+00:00\",\"dateModified\":\"2024-02-07T12:43:51+00:00\",\"description\":\"Les installations SEKA pour la ventilation protectrice des v\\u00e9hicules de chantier sont synonymes d'exp\\u00e9rience et de qualit\\u00e9 \\u00e0 long terme sans compromis.\",\"breadcrumb\":{\"@id\":\"https:\/\/seka.gmbh\/fr\/ventilation-protectrice\/technologie\/#breadcrumb\"},\"inLanguage\":\"fr-FR\",\"potentialAction\":[{\"@type\":\"ReadAction\",\"target\":[\"https:\/\/seka.gmbh\/fr\/ventilation-protectrice\/technologie\/\"]}]},{\"@type\":\"BreadcrumbList\",\"@id\":\"https:\/\/seka.gmbh\/fr\/ventilation-protectrice\/technologie\/#breadcrumb\",\"itemListElement\":[{\"@type\":\"ListItem\",\"position\":1,\"item\":{\"@type\":\"WebPage\",\"@id\":\"https:\/\/seka.gmbh\/fr\/\",\"url\":\"https:\/\/seka.gmbh\/fr\/\",\"name\":\"Home\"}},{\"@type\":\"ListItem\",\"position\":2,\"item\":{\"@type\":\"WebPage\",\"@id\":\"https:\/\/seka.gmbh\/fr\/ventilation-protectrice\/\",\"url\":\"https:\/\/seka.gmbh\/fr\/ventilation-protectrice\/\",\"name\":\"Ventilation protectrice\"}},{\"@type\":\"ListItem\",\"position\":3,\"item\":{\"@id\":\"https:\/\/seka.gmbh\/fr\/ventilation-protectrice\/technologie\/#webpage\"}}]}]}<\/script>\n<!-- \/ Yoast SEO plugin. -->","_links":{"self":[{"href":"https:\/\/seka.gmbh\/fr\/wp-json\/wp\/v2\/pages\/7709"}],"collection":[{"href":"https:\/\/seka.gmbh\/fr\/wp-json\/wp\/v2\/pages"}],"about":[{"href":"https:\/\/seka.gmbh\/fr\/wp-json\/wp\/v2\/types\/page"}],"author":[{"embeddable":true,"href":"https:\/\/seka.gmbh\/fr\/wp-json\/wp\/v2\/users\/1"}],"replies":[{"embeddable":true,"href":"https:\/\/seka.gmbh\/fr\/wp-json\/wp\/v2\/comments?post=7709"}],"version-history":[{"count":3,"href":"https:\/\/seka.gmbh\/fr\/wp-json\/wp\/v2\/pages\/7709\/revisions"}],"predecessor-version":[{"id":7918,"href":"https:\/\/seka.gmbh\/fr\/wp-json\/wp\/v2\/pages\/7709\/revisions\/7918"}],"up":[{"embeddable":true,"href":"https:\/\/seka.gmbh\/fr\/wp-json\/wp\/v2\/pages\/7703"}],"wp:attachment":[{"href":"https:\/\/seka.gmbh\/fr\/wp-json\/wp\/v2\/media?parent=7709"}],"curies":[{"name":"wp","href":"https:\/\/api.w.org\/{rel}","templated":true}]}}