{"id":7731,"date":"2016-03-29T16:47:30","date_gmt":"2016-03-29T14:47:30","guid":{"rendered":"https:\/\/seka.gmbh\/systeme-dair-comprime-respirable\/funktionsprinzip\/"},"modified":"2024-02-07T10:23:26","modified_gmt":"2024-02-07T09:23:26","slug":"funktionsprinzip","status":"publish","type":"page","link":"https:\/\/seka.gmbh\/fr\/produits\/systeme-dair-comprime-respirable\/funktionsprinzip\/","title":{"rendered":"principe de fonctionnement"},"content":{"rendered":"","protected":false},"excerpt":{"rendered":"","protected":false},"author":1,"featured_media":0,"parent":7725,"menu_order":1,"comment_status":"closed","ping_status":"closed","template":"","meta":[],"yoast_head":"<!-- This site is optimized with the Yoast SEO plugin v16.3 - https:\/\/yoast.com\/wordpress\/plugins\/seo\/ -->\n<title>principe de fonctionnement - SEKA<\/title>\n<meta name=\"description\" content=\"Le principe d&#039;un syst\u00e8me d&#039;air comprim\u00e9 respirable pour engins de chantier est comparable \u00e0 celui d&#039;un \u00e9quipement de plong\u00e9e.\" \/>\n<meta name=\"robots\" content=\"index, follow, max-snippet:-1, max-image-preview:large, max-video-preview:-1\" \/>\n<link rel=\"canonical\" href=\"https:\/\/seka.gmbh\/fr\/produits\/systeme-dair-comprime-respirable\/funktionsprinzip\/\" \/>\n<meta property=\"og:locale\" content=\"fr_FR\" \/>\n<meta property=\"og:type\" content=\"article\" \/>\n<meta property=\"og:title\" content=\"principe de fonctionnement - SEKA\" \/>\n<meta property=\"og:description\" content=\"Le principe d&#039;un syst\u00e8me d&#039;air comprim\u00e9 respirable pour engins de chantier est comparable \u00e0 celui d&#039;un \u00e9quipement de plong\u00e9e.\" \/>\n<meta property=\"og:url\" content=\"https:\/\/seka.gmbh\/fr\/produits\/systeme-dair-comprime-respirable\/funktionsprinzip\/\" \/>\n<meta property=\"og:site_name\" content=\"SEKA\" \/>\n<meta property=\"article:modified_time\" content=\"2024-02-07T09:23:26+00:00\" \/>\n<meta name=\"twitter:card\" content=\"summary\" \/>\n<script type=\"application\/ld+json\" class=\"yoast-schema-graph\">{\"@context\":\"https:\/\/schema.org\",\"@graph\":[{\"@type\":\"WebSite\",\"@id\":\"https:\/\/seka.gmbh\/en\/#website\",\"url\":\"https:\/\/seka.gmbh\/en\/\",\"name\":\"SEKA\",\"description\":\"Schutzbel\\u00fcftung\",\"potentialAction\":[{\"@type\":\"SearchAction\",\"target\":\"https:\/\/seka.gmbh\/en\/?s={search_term_string}\",\"query-input\":\"required name=search_term_string\"}],\"inLanguage\":\"fr-FR\"},{\"@type\":\"WebPage\",\"@id\":\"https:\/\/seka.gmbh\/fr\/produits\/systeme-dair-comprime-respirable\/funktionsprinzip\/#webpage\",\"url\":\"https:\/\/seka.gmbh\/fr\/produits\/systeme-dair-comprime-respirable\/funktionsprinzip\/\",\"name\":\"principe de fonctionnement - SEKA\",\"isPartOf\":{\"@id\":\"https:\/\/seka.gmbh\/en\/#website\"},\"datePublished\":\"2016-03-29T14:47:30+00:00\",\"dateModified\":\"2024-02-07T09:23:26+00:00\",\"description\":\"Le principe d'un syst\\u00e8me d'air comprim\\u00e9 respirable pour engins de chantier est comparable \\u00e0 celui d'un \\u00e9quipement de plong\\u00e9e.\",\"breadcrumb\":{\"@id\":\"https:\/\/seka.gmbh\/fr\/produits\/systeme-dair-comprime-respirable\/funktionsprinzip\/#breadcrumb\"},\"inLanguage\":\"fr-FR\",\"potentialAction\":[{\"@type\":\"ReadAction\",\"target\":[\"https:\/\/seka.gmbh\/fr\/produits\/systeme-dair-comprime-respirable\/funktionsprinzip\/\"]}]},{\"@type\":\"BreadcrumbList\",\"@id\":\"https:\/\/seka.gmbh\/fr\/produits\/systeme-dair-comprime-respirable\/funktionsprinzip\/#breadcrumb\",\"itemListElement\":[{\"@type\":\"ListItem\",\"position\":1,\"item\":{\"@type\":\"WebPage\",\"@id\":\"https:\/\/seka.gmbh\/fr\/\",\"url\":\"https:\/\/seka.gmbh\/fr\/\",\"name\":\"Home\"}},{\"@type\":\"ListItem\",\"position\":2,\"item\":{\"@type\":\"WebPage\",\"@id\":\"https:\/\/seka.gmbh\/fr\/produits\/\",\"url\":\"https:\/\/seka.gmbh\/fr\/produits\/\",\"name\":\"Produits\"}},{\"@type\":\"ListItem\",\"position\":3,\"item\":{\"@type\":\"WebPage\",\"@id\":\"https:\/\/seka.gmbh\/fr\/produits\/systeme-dair-comprime-respirable\/\",\"url\":\"https:\/\/seka.gmbh\/fr\/produits\/systeme-dair-comprime-respirable\/\",\"name\":\"Syst\\u00e8me d&#8217;air comprim\\u00e9 respirable\"}},{\"@type\":\"ListItem\",\"position\":4,\"item\":{\"@id\":\"https:\/\/seka.gmbh\/fr\/produits\/systeme-dair-comprime-respirable\/funktionsprinzip\/#webpage\"}}]}]}<\/script>\n<!-- \/ Yoast SEO plugin. -->","_links":{"self":[{"href":"https:\/\/seka.gmbh\/fr\/wp-json\/wp\/v2\/pages\/7731"}],"collection":[{"href":"https:\/\/seka.gmbh\/fr\/wp-json\/wp\/v2\/pages"}],"about":[{"href":"https:\/\/seka.gmbh\/fr\/wp-json\/wp\/v2\/types\/page"}],"author":[{"embeddable":true,"href":"https:\/\/seka.gmbh\/fr\/wp-json\/wp\/v2\/users\/1"}],"replies":[{"embeddable":true,"href":"https:\/\/seka.gmbh\/fr\/wp-json\/wp\/v2\/comments?post=7731"}],"version-history":[{"count":3,"href":"https:\/\/seka.gmbh\/fr\/wp-json\/wp\/v2\/pages\/7731\/revisions"}],"predecessor-version":[{"id":7857,"href":"https:\/\/seka.gmbh\/fr\/wp-json\/wp\/v2\/pages\/7731\/revisions\/7857"}],"up":[{"embeddable":true,"href":"https:\/\/seka.gmbh\/fr\/wp-json\/wp\/v2\/pages\/7725"}],"wp:attachment":[{"href":"https:\/\/seka.gmbh\/fr\/wp-json\/wp\/v2\/media?parent=7731"}],"curies":[{"name":"wp","href":"https:\/\/api.w.org\/{rel}","templated":true}]}}