{"id":7735,"date":"2016-03-29T16:48:10","date_gmt":"2016-03-29T14:48:10","guid":{"rendered":"https:\/\/seka.gmbh\/systeme-dair-comprime-respirable\/adaptive-air-control\/"},"modified":"2024-02-06T10:25:53","modified_gmt":"2024-02-06T09:25:53","slug":"adaptive-air-control","status":"publish","type":"page","link":"https:\/\/seka.gmbh\/fr\/produits\/systeme-dair-comprime-respirable\/adaptive-air-control\/","title":{"rendered":"Adaptive Air Control"},"content":{"rendered":"","protected":false},"excerpt":{"rendered":"","protected":false},"author":1,"featured_media":0,"parent":7725,"menu_order":3,"comment_status":"closed","ping_status":"closed","template":"","meta":[],"yoast_head":"<!-- This site is optimized with the Yoast SEO plugin v16.3 - https:\/\/yoast.com\/wordpress\/plugins\/seo\/ -->\n<title>Adaptive Air Control - SEKA<\/title>\n<meta name=\"description\" content=\"Avec Adaptive Air Control, SEKA a d\u00e9velopp\u00e9 une technologie qui apporte des avantages durables et augmente consid\u00e9rablement l&#039;efficacit\u00e9 de l&#039;engin de chantier.\" \/>\n<meta name=\"robots\" content=\"index, follow, max-snippet:-1, max-image-preview:large, max-video-preview:-1\" \/>\n<link rel=\"canonical\" href=\"https:\/\/seka.gmbh\/fr\/produits\/systeme-dair-comprime-respirable\/adaptive-air-control\/\" \/>\n<meta property=\"og:locale\" content=\"fr_FR\" \/>\n<meta property=\"og:type\" content=\"article\" \/>\n<meta property=\"og:title\" content=\"Adaptive Air Control - SEKA\" \/>\n<meta property=\"og:description\" content=\"Avec Adaptive Air Control, SEKA a d\u00e9velopp\u00e9 une technologie qui apporte des avantages durables et augmente consid\u00e9rablement l&#039;efficacit\u00e9 de l&#039;engin de chantier.\" \/>\n<meta property=\"og:url\" content=\"https:\/\/seka.gmbh\/fr\/produits\/systeme-dair-comprime-respirable\/adaptive-air-control\/\" \/>\n<meta property=\"og:site_name\" content=\"SEKA\" \/>\n<meta property=\"article:modified_time\" content=\"2024-02-06T09:25:53+00:00\" \/>\n<meta name=\"twitter:card\" content=\"summary\" \/>\n<script type=\"application\/ld+json\" class=\"yoast-schema-graph\">{\"@context\":\"https:\/\/schema.org\",\"@graph\":[{\"@type\":\"WebSite\",\"@id\":\"https:\/\/seka.gmbh\/en\/#website\",\"url\":\"https:\/\/seka.gmbh\/en\/\",\"name\":\"SEKA\",\"description\":\"Schutzbel\\u00fcftung\",\"potentialAction\":[{\"@type\":\"SearchAction\",\"target\":\"https:\/\/seka.gmbh\/en\/?s={search_term_string}\",\"query-input\":\"required name=search_term_string\"}],\"inLanguage\":\"fr-FR\"},{\"@type\":\"WebPage\",\"@id\":\"https:\/\/seka.gmbh\/fr\/produits\/systeme-dair-comprime-respirable\/adaptive-air-control\/#webpage\",\"url\":\"https:\/\/seka.gmbh\/fr\/produits\/systeme-dair-comprime-respirable\/adaptive-air-control\/\",\"name\":\"Adaptive Air Control - SEKA\",\"isPartOf\":{\"@id\":\"https:\/\/seka.gmbh\/en\/#website\"},\"datePublished\":\"2016-03-29T14:48:10+00:00\",\"dateModified\":\"2024-02-06T09:25:53+00:00\",\"description\":\"Avec Adaptive Air Control, SEKA a d\\u00e9velopp\\u00e9 une technologie qui apporte des avantages durables et augmente consid\\u00e9rablement l'efficacit\\u00e9 de l'engin de chantier.\",\"breadcrumb\":{\"@id\":\"https:\/\/seka.gmbh\/fr\/produits\/systeme-dair-comprime-respirable\/adaptive-air-control\/#breadcrumb\"},\"inLanguage\":\"fr-FR\",\"potentialAction\":[{\"@type\":\"ReadAction\",\"target\":[\"https:\/\/seka.gmbh\/fr\/produits\/systeme-dair-comprime-respirable\/adaptive-air-control\/\"]}]},{\"@type\":\"BreadcrumbList\",\"@id\":\"https:\/\/seka.gmbh\/fr\/produits\/systeme-dair-comprime-respirable\/adaptive-air-control\/#breadcrumb\",\"itemListElement\":[{\"@type\":\"ListItem\",\"position\":1,\"item\":{\"@type\":\"WebPage\",\"@id\":\"https:\/\/seka.gmbh\/fr\/\",\"url\":\"https:\/\/seka.gmbh\/fr\/\",\"name\":\"Home\"}},{\"@type\":\"ListItem\",\"position\":2,\"item\":{\"@type\":\"WebPage\",\"@id\":\"https:\/\/seka.gmbh\/fr\/produits\/\",\"url\":\"https:\/\/seka.gmbh\/fr\/produits\/\",\"name\":\"Produits\"}},{\"@type\":\"ListItem\",\"position\":3,\"item\":{\"@type\":\"WebPage\",\"@id\":\"https:\/\/seka.gmbh\/fr\/produits\/systeme-dair-comprime-respirable\/\",\"url\":\"https:\/\/seka.gmbh\/fr\/produits\/systeme-dair-comprime-respirable\/\",\"name\":\"Syst\\u00e8me d&#8217;air comprim\\u00e9 respirable\"}},{\"@type\":\"ListItem\",\"position\":4,\"item\":{\"@id\":\"https:\/\/seka.gmbh\/fr\/produits\/systeme-dair-comprime-respirable\/adaptive-air-control\/#webpage\"}}]}]}<\/script>\n<!-- \/ Yoast SEO plugin. -->","_links":{"self":[{"href":"https:\/\/seka.gmbh\/fr\/wp-json\/wp\/v2\/pages\/7735"}],"collection":[{"href":"https:\/\/seka.gmbh\/fr\/wp-json\/wp\/v2\/pages"}],"about":[{"href":"https:\/\/seka.gmbh\/fr\/wp-json\/wp\/v2\/types\/page"}],"author":[{"embeddable":true,"href":"https:\/\/seka.gmbh\/fr\/wp-json\/wp\/v2\/users\/1"}],"replies":[{"embeddable":true,"href":"https:\/\/seka.gmbh\/fr\/wp-json\/wp\/v2\/comments?post=7735"}],"version-history":[{"count":1,"href":"https:\/\/seka.gmbh\/fr\/wp-json\/wp\/v2\/pages\/7735\/revisions"}],"predecessor-version":[{"id":7736,"href":"https:\/\/seka.gmbh\/fr\/wp-json\/wp\/v2\/pages\/7735\/revisions\/7736"}],"up":[{"embeddable":true,"href":"https:\/\/seka.gmbh\/fr\/wp-json\/wp\/v2\/pages\/7725"}],"wp:attachment":[{"href":"https:\/\/seka.gmbh\/fr\/wp-json\/wp\/v2\/media?parent=7735"}],"curies":[{"name":"wp","href":"https:\/\/api.w.org\/{rel}","templated":true}]}}