{"id":7751,"date":"2016-03-29T16:42:02","date_gmt":"2016-03-29T14:42:02","guid":{"rendered":"https:\/\/seka.gmbh\/entstaubungsanlage\/"},"modified":"2024-02-07T13:51:25","modified_gmt":"2024-02-07T12:51:25","slug":"systeme-de-depoussierage","status":"publish","type":"page","link":"https:\/\/seka.gmbh\/fr\/produits\/systeme-de-depoussierage\/","title":{"rendered":"Syst\u00e8me de d\u00e9poussi\u00e9rage"},"content":{"rendered":"","protected":false},"excerpt":{"rendered":"","protected":false},"author":1,"featured_media":0,"parent":7959,"menu_order":3,"comment_status":"closed","ping_status":"closed","template":"","meta":[],"yoast_head":"<!-- This site is optimized with the Yoast SEO plugin v16.3 - https:\/\/yoast.com\/wordpress\/plugins\/seo\/ -->\n<title>Syst\u00e8me de d\u00e9poussi\u00e9rage - SEKA<\/title>\n<meta name=\"description\" content=\"C&#039;est ici qu&#039;est utilis\u00e9 le syst\u00e8me de d\u00e9poussi\u00e9rage SEKA \u00ab\u00a0EBA 8\u00a0\u00bb Il garantit un lieu de travail exempt de pollution par la poussi\u00e8re.\" \/>\n<meta name=\"robots\" content=\"index, follow, max-snippet:-1, max-image-preview:large, max-video-preview:-1\" \/>\n<link rel=\"canonical\" href=\"https:\/\/seka.gmbh\/fr\/systeme-de-depoussierage\/\" \/>\n<meta property=\"og:locale\" content=\"fr_FR\" \/>\n<meta property=\"og:type\" content=\"article\" \/>\n<meta property=\"og:title\" content=\"Syst\u00e8me de d\u00e9poussi\u00e9rage - SEKA\" \/>\n<meta property=\"og:description\" content=\"C&#039;est ici qu&#039;est utilis\u00e9 le syst\u00e8me de d\u00e9poussi\u00e9rage SEKA \u00ab\u00a0EBA 8\u00a0\u00bb Il garantit un lieu de travail exempt de pollution par la poussi\u00e8re.\" \/>\n<meta property=\"og:url\" content=\"https:\/\/seka.gmbh\/fr\/systeme-de-depoussierage\/\" \/>\n<meta property=\"og:site_name\" content=\"SEKA\" \/>\n<meta property=\"article:modified_time\" content=\"2024-02-07T12:51:25+00:00\" \/>\n<meta name=\"twitter:card\" content=\"summary\" \/>\n<script type=\"application\/ld+json\" class=\"yoast-schema-graph\">{\"@context\":\"https:\/\/schema.org\",\"@graph\":[{\"@type\":\"WebSite\",\"@id\":\"https:\/\/seka.gmbh\/en\/#website\",\"url\":\"https:\/\/seka.gmbh\/en\/\",\"name\":\"SEKA\",\"description\":\"Schutzbel\\u00fcftung\",\"potentialAction\":[{\"@type\":\"SearchAction\",\"target\":\"https:\/\/seka.gmbh\/en\/?s={search_term_string}\",\"query-input\":\"required name=search_term_string\"}],\"inLanguage\":\"fr-FR\"},{\"@type\":\"WebPage\",\"@id\":\"https:\/\/seka.gmbh\/fr\/systeme-de-depoussierage\/#webpage\",\"url\":\"https:\/\/seka.gmbh\/fr\/systeme-de-depoussierage\/\",\"name\":\"Syst\\u00e8me de d\\u00e9poussi\\u00e9rage - SEKA\",\"isPartOf\":{\"@id\":\"https:\/\/seka.gmbh\/en\/#website\"},\"datePublished\":\"2016-03-29T14:42:02+00:00\",\"dateModified\":\"2024-02-07T12:51:25+00:00\",\"description\":\"C'est ici qu'est utilis\\u00e9 le syst\\u00e8me de d\\u00e9poussi\\u00e9rage SEKA \\u00ab\\u00a0EBA 8\\u00a0\\u00bb Il garantit un lieu de travail exempt de pollution par la poussi\\u00e8re.\",\"breadcrumb\":{\"@id\":\"https:\/\/seka.gmbh\/fr\/systeme-de-depoussierage\/#breadcrumb\"},\"inLanguage\":\"fr-FR\",\"potentialAction\":[{\"@type\":\"ReadAction\",\"target\":[\"https:\/\/seka.gmbh\/fr\/systeme-de-depoussierage\/\"]}]},{\"@type\":\"BreadcrumbList\",\"@id\":\"https:\/\/seka.gmbh\/fr\/systeme-de-depoussierage\/#breadcrumb\",\"itemListElement\":[{\"@type\":\"ListItem\",\"position\":1,\"item\":{\"@type\":\"WebPage\",\"@id\":\"https:\/\/seka.gmbh\/fr\/\",\"url\":\"https:\/\/seka.gmbh\/fr\/\",\"name\":\"Home\"}},{\"@type\":\"ListItem\",\"position\":2,\"item\":{\"@id\":\"https:\/\/seka.gmbh\/fr\/systeme-de-depoussierage\/#webpage\"}}]}]}<\/script>\n<!-- \/ Yoast SEO plugin. -->","_links":{"self":[{"href":"https:\/\/seka.gmbh\/fr\/wp-json\/wp\/v2\/pages\/7751"}],"collection":[{"href":"https:\/\/seka.gmbh\/fr\/wp-json\/wp\/v2\/pages"}],"about":[{"href":"https:\/\/seka.gmbh\/fr\/wp-json\/wp\/v2\/types\/page"}],"author":[{"embeddable":true,"href":"https:\/\/seka.gmbh\/fr\/wp-json\/wp\/v2\/users\/1"}],"replies":[{"embeddable":true,"href":"https:\/\/seka.gmbh\/fr\/wp-json\/wp\/v2\/comments?post=7751"}],"version-history":[{"count":3,"href":"https:\/\/seka.gmbh\/fr\/wp-json\/wp\/v2\/pages\/7751\/revisions"}],"predecessor-version":[{"id":7924,"href":"https:\/\/seka.gmbh\/fr\/wp-json\/wp\/v2\/pages\/7751\/revisions\/7924"}],"up":[{"embeddable":true,"href":"https:\/\/seka.gmbh\/fr\/wp-json\/wp\/v2\/pages\/7959"}],"wp:attachment":[{"href":"https:\/\/seka.gmbh\/fr\/wp-json\/wp\/v2\/media?parent=7751"}],"curies":[{"name":"wp","href":"https:\/\/api.w.org\/{rel}","templated":true}]}}