{"id":7796,"date":"2016-03-29T16:50:10","date_gmt":"2016-03-29T14:50:10","guid":{"rendered":"https:\/\/seka.gmbh\/concepts-de-filtration\/filterwechsel\/"},"modified":"2024-02-06T11:08:00","modified_gmt":"2024-02-06T10:08:00","slug":"remplacement-de-filtre","status":"publish","type":"page","link":"https:\/\/seka.gmbh\/fr\/produits\/concepts-de-filtration\/remplacement-de-filtre\/","title":{"rendered":"Remplacement de filtre"},"content":{"rendered":"","protected":false},"excerpt":{"rendered":"","protected":false},"author":1,"featured_media":0,"parent":7786,"menu_order":5,"comment_status":"closed","ping_status":"closed","template":"","meta":[],"yoast_head":"<!-- This site is optimized with the Yoast SEO plugin v16.3 - https:\/\/yoast.com\/wordpress\/plugins\/seo\/ -->\n<title>Remplacement de filtre - SEKA<\/title>\n<meta name=\"description\" content=\"Avec les syst\u00e8mes de ventilation protectrice de SEKA, une conception bien pens\u00e9e garantit que les filtres peuvent \u00eatre remplac\u00e9s en un rien de temps.\" \/>\n<meta name=\"robots\" content=\"index, follow, max-snippet:-1, max-image-preview:large, max-video-preview:-1\" \/>\n<link rel=\"canonical\" href=\"https:\/\/seka.gmbh\/fr\/concepts-de-filtration\/remplacement-de-filtre\/\" \/>\n<meta property=\"og:locale\" content=\"fr_FR\" \/>\n<meta property=\"og:type\" content=\"article\" \/>\n<meta property=\"og:title\" content=\"Remplacement de filtre - SEKA\" \/>\n<meta property=\"og:description\" content=\"Avec les syst\u00e8mes de ventilation protectrice de SEKA, une conception bien pens\u00e9e garantit que les filtres peuvent \u00eatre remplac\u00e9s en un rien de temps.\" \/>\n<meta property=\"og:url\" content=\"https:\/\/seka.gmbh\/fr\/concepts-de-filtration\/remplacement-de-filtre\/\" \/>\n<meta property=\"og:site_name\" content=\"SEKA\" \/>\n<meta property=\"article:modified_time\" content=\"2024-02-06T10:08:00+00:00\" \/>\n<meta name=\"twitter:card\" content=\"summary\" \/>\n<script type=\"application\/ld+json\" class=\"yoast-schema-graph\">{\"@context\":\"https:\/\/schema.org\",\"@graph\":[{\"@type\":\"WebSite\",\"@id\":\"https:\/\/seka.gmbh\/en\/#website\",\"url\":\"https:\/\/seka.gmbh\/en\/\",\"name\":\"SEKA\",\"description\":\"Schutzbel\\u00fcftung\",\"potentialAction\":[{\"@type\":\"SearchAction\",\"target\":\"https:\/\/seka.gmbh\/en\/?s={search_term_string}\",\"query-input\":\"required name=search_term_string\"}],\"inLanguage\":\"fr-FR\"},{\"@type\":\"WebPage\",\"@id\":\"https:\/\/seka.gmbh\/fr\/concepts-de-filtration\/remplacement-de-filtre\/#webpage\",\"url\":\"https:\/\/seka.gmbh\/fr\/concepts-de-filtration\/remplacement-de-filtre\/\",\"name\":\"Remplacement de filtre - SEKA\",\"isPartOf\":{\"@id\":\"https:\/\/seka.gmbh\/en\/#website\"},\"datePublished\":\"2016-03-29T14:50:10+00:00\",\"dateModified\":\"2024-02-06T10:08:00+00:00\",\"description\":\"Avec les syst\\u00e8mes de ventilation protectrice de SEKA, une conception bien pens\\u00e9e garantit que les filtres peuvent \\u00eatre remplac\\u00e9s en un rien de temps.\",\"breadcrumb\":{\"@id\":\"https:\/\/seka.gmbh\/fr\/concepts-de-filtration\/remplacement-de-filtre\/#breadcrumb\"},\"inLanguage\":\"fr-FR\",\"potentialAction\":[{\"@type\":\"ReadAction\",\"target\":[\"https:\/\/seka.gmbh\/fr\/concepts-de-filtration\/remplacement-de-filtre\/\"]}]},{\"@type\":\"BreadcrumbList\",\"@id\":\"https:\/\/seka.gmbh\/fr\/concepts-de-filtration\/remplacement-de-filtre\/#breadcrumb\",\"itemListElement\":[{\"@type\":\"ListItem\",\"position\":1,\"item\":{\"@type\":\"WebPage\",\"@id\":\"https:\/\/seka.gmbh\/fr\/\",\"url\":\"https:\/\/seka.gmbh\/fr\/\",\"name\":\"Home\"}},{\"@type\":\"ListItem\",\"position\":2,\"item\":{\"@type\":\"WebPage\",\"@id\":\"https:\/\/seka.gmbh\/fr\/concepts-de-filtration\/\",\"url\":\"https:\/\/seka.gmbh\/fr\/concepts-de-filtration\/\",\"name\":\"Concepts de filtration\"}},{\"@type\":\"ListItem\",\"position\":3,\"item\":{\"@id\":\"https:\/\/seka.gmbh\/fr\/concepts-de-filtration\/remplacement-de-filtre\/#webpage\"}}]}]}<\/script>\n<!-- \/ Yoast SEO plugin. -->","_links":{"self":[{"href":"https:\/\/seka.gmbh\/fr\/wp-json\/wp\/v2\/pages\/7796"}],"collection":[{"href":"https:\/\/seka.gmbh\/fr\/wp-json\/wp\/v2\/pages"}],"about":[{"href":"https:\/\/seka.gmbh\/fr\/wp-json\/wp\/v2\/types\/page"}],"author":[{"embeddable":true,"href":"https:\/\/seka.gmbh\/fr\/wp-json\/wp\/v2\/users\/1"}],"replies":[{"embeddable":true,"href":"https:\/\/seka.gmbh\/fr\/wp-json\/wp\/v2\/comments?post=7796"}],"version-history":[{"count":2,"href":"https:\/\/seka.gmbh\/fr\/wp-json\/wp\/v2\/pages\/7796\/revisions"}],"predecessor-version":[{"id":7798,"href":"https:\/\/seka.gmbh\/fr\/wp-json\/wp\/v2\/pages\/7796\/revisions\/7798"}],"up":[{"embeddable":true,"href":"https:\/\/seka.gmbh\/fr\/wp-json\/wp\/v2\/pages\/7786"}],"wp:attachment":[{"href":"https:\/\/seka.gmbh\/fr\/wp-json\/wp\/v2\/media?parent=7796"}],"curies":[{"name":"wp","href":"https:\/\/api.w.org\/{rel}","templated":true}]}}