{"id":7800,"date":"2016-03-29T16:49:15","date_gmt":"2016-03-29T14:49:15","guid":{"rendered":"https:\/\/seka.gmbh\/concepts-de-filtration\/filterstufen\/"},"modified":"2024-02-06T11:40:19","modified_gmt":"2024-02-06T10:40:19","slug":"etapes-de-filtration","status":"publish","type":"page","link":"https:\/\/seka.gmbh\/fr\/produits\/concepts-de-filtration\/etapes-de-filtration\/","title":{"rendered":"\u00c9tapes de filtration"},"content":{"rendered":"","protected":false},"excerpt":{"rendered":"","protected":false},"author":1,"featured_media":0,"parent":7786,"menu_order":1,"comment_status":"closed","ping_status":"closed","template":"","meta":[],"yoast_head":"<!-- This site is optimized with the Yoast SEO plugin v16.3 - https:\/\/yoast.com\/wordpress\/plugins\/seo\/ -->\n<title>\u00c9tapes de filtration - SEKA<\/title>\n<meta name=\"description\" content=\"Les syst\u00e8mes de ventilation protectrice SEKA utilisent un principe de fonctionnement en quatre \u00e9tapes qui a fait ses preuves des milliers de fois dans la pratique et a \u00e9t\u00e9 perfectionn\u00e9 au fil des ann\u00e9es.\" \/>\n<meta name=\"robots\" content=\"index, follow, max-snippet:-1, max-image-preview:large, max-video-preview:-1\" \/>\n<link rel=\"canonical\" href=\"https:\/\/seka.gmbh\/fr\/concepts-de-filtration\/etapes-de-filtration\/\" \/>\n<meta property=\"og:locale\" content=\"fr_FR\" \/>\n<meta property=\"og:type\" content=\"article\" \/>\n<meta property=\"og:title\" content=\"\u00c9tapes de filtration - SEKA\" \/>\n<meta property=\"og:description\" content=\"Les syst\u00e8mes de ventilation protectrice SEKA utilisent un principe de fonctionnement en quatre \u00e9tapes qui a fait ses preuves des milliers de fois dans la pratique et a \u00e9t\u00e9 perfectionn\u00e9 au fil des ann\u00e9es.\" \/>\n<meta property=\"og:url\" content=\"https:\/\/seka.gmbh\/fr\/concepts-de-filtration\/etapes-de-filtration\/\" \/>\n<meta property=\"og:site_name\" content=\"SEKA\" \/>\n<meta property=\"article:modified_time\" content=\"2024-02-06T10:40:19+00:00\" \/>\n<meta name=\"twitter:card\" content=\"summary\" \/>\n<script type=\"application\/ld+json\" class=\"yoast-schema-graph\">{\"@context\":\"https:\/\/schema.org\",\"@graph\":[{\"@type\":\"WebSite\",\"@id\":\"https:\/\/seka.gmbh\/en\/#website\",\"url\":\"https:\/\/seka.gmbh\/en\/\",\"name\":\"SEKA\",\"description\":\"Schutzbel\\u00fcftung\",\"potentialAction\":[{\"@type\":\"SearchAction\",\"target\":\"https:\/\/seka.gmbh\/en\/?s={search_term_string}\",\"query-input\":\"required name=search_term_string\"}],\"inLanguage\":\"fr-FR\"},{\"@type\":\"WebPage\",\"@id\":\"https:\/\/seka.gmbh\/fr\/concepts-de-filtration\/etapes-de-filtration\/#webpage\",\"url\":\"https:\/\/seka.gmbh\/fr\/concepts-de-filtration\/etapes-de-filtration\/\",\"name\":\"\\u00c9tapes de filtration - SEKA\",\"isPartOf\":{\"@id\":\"https:\/\/seka.gmbh\/en\/#website\"},\"datePublished\":\"2016-03-29T14:49:15+00:00\",\"dateModified\":\"2024-02-06T10:40:19+00:00\",\"description\":\"Les syst\\u00e8mes de ventilation protectrice SEKA utilisent un principe de fonctionnement en quatre \\u00e9tapes qui a fait ses preuves des milliers de fois dans la pratique et a \\u00e9t\\u00e9 perfectionn\\u00e9 au fil des ann\\u00e9es.\",\"breadcrumb\":{\"@id\":\"https:\/\/seka.gmbh\/fr\/concepts-de-filtration\/etapes-de-filtration\/#breadcrumb\"},\"inLanguage\":\"fr-FR\",\"potentialAction\":[{\"@type\":\"ReadAction\",\"target\":[\"https:\/\/seka.gmbh\/fr\/concepts-de-filtration\/etapes-de-filtration\/\"]}]},{\"@type\":\"BreadcrumbList\",\"@id\":\"https:\/\/seka.gmbh\/fr\/concepts-de-filtration\/etapes-de-filtration\/#breadcrumb\",\"itemListElement\":[{\"@type\":\"ListItem\",\"position\":1,\"item\":{\"@type\":\"WebPage\",\"@id\":\"https:\/\/seka.gmbh\/fr\/\",\"url\":\"https:\/\/seka.gmbh\/fr\/\",\"name\":\"Home\"}},{\"@type\":\"ListItem\",\"position\":2,\"item\":{\"@type\":\"WebPage\",\"@id\":\"https:\/\/seka.gmbh\/fr\/concepts-de-filtration\/\",\"url\":\"https:\/\/seka.gmbh\/fr\/concepts-de-filtration\/\",\"name\":\"Concepts de filtration\"}},{\"@type\":\"ListItem\",\"position\":3,\"item\":{\"@id\":\"https:\/\/seka.gmbh\/fr\/concepts-de-filtration\/etapes-de-filtration\/#webpage\"}}]}]}<\/script>\n<!-- \/ Yoast SEO plugin. -->","_links":{"self":[{"href":"https:\/\/seka.gmbh\/fr\/wp-json\/wp\/v2\/pages\/7800"}],"collection":[{"href":"https:\/\/seka.gmbh\/fr\/wp-json\/wp\/v2\/pages"}],"about":[{"href":"https:\/\/seka.gmbh\/fr\/wp-json\/wp\/v2\/types\/page"}],"author":[{"embeddable":true,"href":"https:\/\/seka.gmbh\/fr\/wp-json\/wp\/v2\/users\/1"}],"replies":[{"embeddable":true,"href":"https:\/\/seka.gmbh\/fr\/wp-json\/wp\/v2\/comments?post=7800"}],"version-history":[{"count":2,"href":"https:\/\/seka.gmbh\/fr\/wp-json\/wp\/v2\/pages\/7800\/revisions"}],"predecessor-version":[{"id":7802,"href":"https:\/\/seka.gmbh\/fr\/wp-json\/wp\/v2\/pages\/7800\/revisions\/7802"}],"up":[{"embeddable":true,"href":"https:\/\/seka.gmbh\/fr\/wp-json\/wp\/v2\/pages\/7786"}],"wp:attachment":[{"href":"https:\/\/seka.gmbh\/fr\/wp-json\/wp\/v2\/media?parent=7800"}],"curies":[{"name":"wp","href":"https:\/\/api.w.org\/{rel}","templated":true}]}}