{"id":7808,"date":"2016-03-29T16:49:29","date_gmt":"2016-03-29T14:49:29","guid":{"rendered":"https:\/\/seka.gmbh\/concepts-de-filtration\/aktivkohlefilter\/"},"modified":"2024-02-06T11:48:54","modified_gmt":"2024-02-06T10:48:54","slug":"filtres-a-charbon-actif","status":"publish","type":"page","link":"https:\/\/seka.gmbh\/fr\/produits\/concepts-de-filtration\/filtres-a-charbon-actif\/","title":{"rendered":"Filtres \u00e0 charbon actif"},"content":{"rendered":"","protected":false},"excerpt":{"rendered":"","protected":false},"author":1,"featured_media":0,"parent":7786,"menu_order":2,"comment_status":"closed","ping_status":"closed","template":"","meta":[],"yoast_head":"<!-- This site is optimized with the Yoast SEO plugin v16.3 - https:\/\/yoast.com\/wordpress\/plugins\/seo\/ -->\n<title>Filtres \u00e0 charbon actif - SEKA<\/title>\n<meta name=\"description\" content=\"Le charbon actif est le rem\u00e8de le plus efficace contre les odeurs d\u00e9sagr\u00e9ables, les fum\u00e9es nocives et les gaz toxiques pr\u00e9sents dans l&#039;air ambiant.\" \/>\n<meta name=\"robots\" content=\"index, follow, max-snippet:-1, max-image-preview:large, max-video-preview:-1\" \/>\n<link rel=\"canonical\" href=\"https:\/\/seka.gmbh\/fr\/concepts-de-filtration\/filtres-a-charbon-actif\/\" \/>\n<meta property=\"og:locale\" content=\"fr_FR\" \/>\n<meta property=\"og:type\" content=\"article\" \/>\n<meta property=\"og:title\" content=\"Filtres \u00e0 charbon actif - SEKA\" \/>\n<meta property=\"og:description\" content=\"Le charbon actif est le rem\u00e8de le plus efficace contre les odeurs d\u00e9sagr\u00e9ables, les fum\u00e9es nocives et les gaz toxiques pr\u00e9sents dans l&#039;air ambiant.\" \/>\n<meta property=\"og:url\" content=\"https:\/\/seka.gmbh\/fr\/concepts-de-filtration\/filtres-a-charbon-actif\/\" \/>\n<meta property=\"og:site_name\" content=\"SEKA\" \/>\n<meta property=\"article:modified_time\" content=\"2024-02-06T10:48:54+00:00\" \/>\n<meta name=\"twitter:card\" content=\"summary\" \/>\n<script type=\"application\/ld+json\" class=\"yoast-schema-graph\">{\"@context\":\"https:\/\/schema.org\",\"@graph\":[{\"@type\":\"WebSite\",\"@id\":\"https:\/\/seka.gmbh\/en\/#website\",\"url\":\"https:\/\/seka.gmbh\/en\/\",\"name\":\"SEKA\",\"description\":\"Schutzbel\\u00fcftung\",\"potentialAction\":[{\"@type\":\"SearchAction\",\"target\":\"https:\/\/seka.gmbh\/en\/?s={search_term_string}\",\"query-input\":\"required name=search_term_string\"}],\"inLanguage\":\"fr-FR\"},{\"@type\":\"WebPage\",\"@id\":\"https:\/\/seka.gmbh\/fr\/concepts-de-filtration\/filtres-a-charbon-actif\/#webpage\",\"url\":\"https:\/\/seka.gmbh\/fr\/concepts-de-filtration\/filtres-a-charbon-actif\/\",\"name\":\"Filtres \\u00e0 charbon actif - SEKA\",\"isPartOf\":{\"@id\":\"https:\/\/seka.gmbh\/en\/#website\"},\"datePublished\":\"2016-03-29T14:49:29+00:00\",\"dateModified\":\"2024-02-06T10:48:54+00:00\",\"description\":\"Le charbon actif est le rem\\u00e8de le plus efficace contre les odeurs d\\u00e9sagr\\u00e9ables, les fum\\u00e9es nocives et les gaz toxiques pr\\u00e9sents dans l'air ambiant.\",\"breadcrumb\":{\"@id\":\"https:\/\/seka.gmbh\/fr\/concepts-de-filtration\/filtres-a-charbon-actif\/#breadcrumb\"},\"inLanguage\":\"fr-FR\",\"potentialAction\":[{\"@type\":\"ReadAction\",\"target\":[\"https:\/\/seka.gmbh\/fr\/concepts-de-filtration\/filtres-a-charbon-actif\/\"]}]},{\"@type\":\"BreadcrumbList\",\"@id\":\"https:\/\/seka.gmbh\/fr\/concepts-de-filtration\/filtres-a-charbon-actif\/#breadcrumb\",\"itemListElement\":[{\"@type\":\"ListItem\",\"position\":1,\"item\":{\"@type\":\"WebPage\",\"@id\":\"https:\/\/seka.gmbh\/fr\/\",\"url\":\"https:\/\/seka.gmbh\/fr\/\",\"name\":\"Home\"}},{\"@type\":\"ListItem\",\"position\":2,\"item\":{\"@type\":\"WebPage\",\"@id\":\"https:\/\/seka.gmbh\/fr\/concepts-de-filtration\/\",\"url\":\"https:\/\/seka.gmbh\/fr\/concepts-de-filtration\/\",\"name\":\"Concepts de filtration\"}},{\"@type\":\"ListItem\",\"position\":3,\"item\":{\"@id\":\"https:\/\/seka.gmbh\/fr\/concepts-de-filtration\/filtres-a-charbon-actif\/#webpage\"}}]}]}<\/script>\n<!-- \/ Yoast SEO plugin. -->","_links":{"self":[{"href":"https:\/\/seka.gmbh\/fr\/wp-json\/wp\/v2\/pages\/7808"}],"collection":[{"href":"https:\/\/seka.gmbh\/fr\/wp-json\/wp\/v2\/pages"}],"about":[{"href":"https:\/\/seka.gmbh\/fr\/wp-json\/wp\/v2\/types\/page"}],"author":[{"embeddable":true,"href":"https:\/\/seka.gmbh\/fr\/wp-json\/wp\/v2\/users\/1"}],"replies":[{"embeddable":true,"href":"https:\/\/seka.gmbh\/fr\/wp-json\/wp\/v2\/comments?post=7808"}],"version-history":[{"count":2,"href":"https:\/\/seka.gmbh\/fr\/wp-json\/wp\/v2\/pages\/7808\/revisions"}],"predecessor-version":[{"id":7810,"href":"https:\/\/seka.gmbh\/fr\/wp-json\/wp\/v2\/pages\/7808\/revisions\/7810"}],"up":[{"embeddable":true,"href":"https:\/\/seka.gmbh\/fr\/wp-json\/wp\/v2\/pages\/7786"}],"wp:attachment":[{"href":"https:\/\/seka.gmbh\/fr\/wp-json\/wp\/v2\/media?parent=7808"}],"curies":[{"name":"wp","href":"https:\/\/api.w.org\/{rel}","templated":true}]}}